{"id":1322,"date":"2025-06-12T05:58:49","date_gmt":"2025-06-12T05:58:49","guid":{"rendered":"https:\/\/alfaaken.ee\/puitaknad\/"},"modified":"2025-06-14T17:33:43","modified_gmt":"2025-06-14T17:33:43","slug":"puuikkunat","status":"publish","type":"page","link":"https:\/\/alfaaken.ee\/fi\/puuikkunat\/","title":{"rendered":"PUUIKKUNAT"},"content":{"rendered":"<p>[et_pb_section fb_built=&#8221;1&#8243; admin_label=&#8221;Header&#8221; _builder_version=&#8221;4.27.4&#8243; _module_preset=&#8221;default&#8221; background_color=&#8221;#FFFFFF&#8221; locked=&#8221;off&#8221; global_colors_info=&#8221;{}&#8221;][et_pb_row _builder_version=&#8221;4.16&#8243; _module_preset=&#8221;default&#8221; global_colors_info=&#8221;{}&#8221;][et_pb_column type=&#8221;4_4&#8243; _builder_version=&#8221;4.16&#8243; _module_preset=&#8221;default&#8221; global_colors_info=&#8221;{}&#8221;][et_pb_text _builder_version=&#8221;4.27.4&#8243; _module_preset=&#8221;default&#8221; header_font=&#8221;|700|||||||&#8221; header_text_color=&#8221;#000000&#8243; header_font_size=&#8221;60px&#8221; header_line_height=&#8221;1.4em&#8221; background_enable_color=&#8221;off&#8221; hover_enabled=&#8221;0&#8243; header_font_size_tablet=&#8221;40px&#8221; header_font_size_phone=&#8221;25px&#8221; header_font_size_last_edited=&#8221;on|phone&#8221; locked=&#8221;off&#8221; global_colors_info=&#8221;{}&#8221; sticky_enabled=&#8221;0&#8243;]<\/p>\n<h1>PUUIKKUNAT 1<\/h1>\n<p>[\/et_pb_text][\/et_pb_column][\/et_pb_row][et_pb_row column_structure=&#8221;2_3,1_3&#8243; make_equal=&#8221;on&#8221; _builder_version=&#8221;4.27.4&#8243; _module_preset=&#8221;default&#8221; global_colors_info=&#8221;{}&#8221;][et_pb_column type=&#8221;2_3&#8243; _builder_version=&#8221;4.16&#8243; _module_preset=&#8221;default&#8221; custom_padding=&#8221;|60px|||false|false&#8221; custom_padding_tablet=&#8221;|0px|||false|false&#8221; custom_padding_phone=&#8221;&#8221; custom_padding_last_edited=&#8221;on|tablet&#8221; border_color_all=&#8221;rgba(51,51,51,0.24)&#8221; border_width_right=&#8221;1px&#8221; border_width_right_tablet=&#8221;0px&#8221; border_width_right_phone=&#8221;&#8221; border_width_right_last_edited=&#8221;on|tablet&#8221; global_colors_info=&#8221;{}&#8221;][et_pb_image src=&#8221;https:\/\/alfaaken.ee\/wp-content\/uploads\/2025\/06\/Janno-Line.jpg&#8221; title_text=&#8221;Janno Line&#8221; _builder_version=&#8221;4.27.4&#8243; _module_preset=&#8221;default&#8221; global_colors_info=&#8221;{}&#8221;][\/et_pb_image][\/et_pb_column][et_pb_column type=&#8221;1_3&#8243; _builder_version=&#8221;4.27.4&#8243; _module_preset=&#8221;default&#8221; custom_css_free_form=&#8221;selector .et_pb_button_module_wrapper {||    display: inline-block;||    margin-right: 10px; \/* Adjust the value as needed *\/||}&#8221; global_colors_info=&#8221;{}&#8221;][et_pb_button url_new_window=&#8221;on&#8221; button_text=&#8221;UW 1.4&#8243; button_alignment=&#8221;left&#8221; _builder_version=&#8221;4.27.4&#8243; _module_preset=&#8221;default&#8221; custom_button=&#8221;on&#8221; button_text_size=&#8221;16px&#8221; button_text_color=&#8221;#FFFFFF&#8221; button_bg_color=&#8221;#E02B20&#8243; button_use_icon=&#8221;off&#8221; background_layout=&#8221;dark&#8221; custom_css_main_element=&#8221;pointer-events: none !important;||&#8221; box_shadow_style=&#8221;preset2&#8243; global_colors_info=&#8221;{}&#8221;][\/et_pb_button][et_pb_button url_new_window=&#8221;on&#8221; button_text=&#8221;UG 1.1&#8243; button_alignment=&#8221;left&#8221; _builder_version=&#8221;4.27.4&#8243; _module_preset=&#8221;default&#8221; custom_button=&#8221;on&#8221; button_text_size=&#8221;16px&#8221; button_text_color=&#8221;#FFFFFF&#8221; button_bg_color=&#8221;#E02B20&#8243; button_use_icon=&#8221;off&#8221; background_layout=&#8221;dark&#8221; custom_css_main_element=&#8221;pointer-events: none !important;||&#8221; box_shadow_style=&#8221;preset2&#8243; global_colors_info=&#8221;{}&#8221;][\/et_pb_button][et_pb_button url_new_window=&#8221;on&#8221; button_text=&#8221;RW 32DB&#8221; button_alignment=&#8221;left&#8221; _builder_version=&#8221;4.27.4&#8243; _module_preset=&#8221;default&#8221; custom_button=&#8221;on&#8221; button_text_size=&#8221;16px&#8221; button_text_color=&#8221;#FFFFFF&#8221; button_bg_color=&#8221;#E02B20&#8243; button_use_icon=&#8221;off&#8221; background_layout=&#8221;dark&#8221; custom_css_main_element=&#8221;pointer-events: none !important;||&#8221; box_shadow_style=&#8221;preset2&#8243; global_colors_info=&#8221;{}&#8221;][\/et_pb_button][et_pb_blurb title=&#8221;Asennussyvyys: 68\u201392 mm&#8221; use_icon=&#8221;on&#8221; font_icon=&#8221;&#x70;||divi||400&#8243; icon_color=&#8221;#FFFFFF&#8221; image_icon_background_color=&#8221;#0C71C3&#8243; icon_placement=&#8221;left&#8221; image_icon_width=&#8221;14px&#8221; content_max_width=&#8221;100%&#8221; _builder_version=&#8221;4.27.4&#8243; _module_preset=&#8221;default&#8221; header_font=&#8221;|600|||||||&#8221; header_font_size=&#8221;16px&#8221; header_line_height=&#8221;2em&#8221; body_text_color=&#8221;#E09900&#8243; image_icon_custom_padding=&#8221;8px|8px|8px|8px|false|false&#8221; custom_margin=&#8221;5px||5px||false|false&#8221; custom_padding=&#8221;0px||||false|false&#8221; child_filter_opacity=&#8221;75%&#8221; animation=&#8221;off&#8221; border_radii_image=&#8221;on|100%|100%|100%|100%&#8221; icon_font_size=&#8221;14px&#8221; use_circle=&#8221;on&#8221; circle_color=&#8221;rgba(234,108,1,0.11)&#8221; locked=&#8221;off&#8221; global_colors_info=&#8221;{}&#8221; image_icon_background_color__sticky_enabled=&#8221;#7EBEC5&#8243; image_icon_background_color__sticky=&#8221;#7EBEC5&#8243;][\/et_pb_blurb][et_pb_blurb title=&#8221;Lasituksen paksuus: 24\u201354 mm&#8221; use_icon=&#8221;on&#8221; font_icon=&#8221;&#x70;||divi||400&#8243; icon_color=&#8221;#FFFFFF&#8221; image_icon_background_color=&#8221;#0C71C3&#8243; icon_placement=&#8221;left&#8221; image_icon_width=&#8221;14px&#8221; content_max_width=&#8221;100%&#8221; _builder_version=&#8221;4.27.4&#8243; _module_preset=&#8221;default&#8221; header_font=&#8221;|600|||||||&#8221; header_font_size=&#8221;16px&#8221; header_line_height=&#8221;2em&#8221; body_text_color=&#8221;#E09900&#8243; image_icon_custom_padding=&#8221;8px|8px|8px|8px|false|false&#8221; custom_margin=&#8221;5px||5px||false|false&#8221; child_filter_opacity=&#8221;75%&#8221; animation=&#8221;off&#8221; border_radii_image=&#8221;on|100%|100%|100%|100%&#8221; icon_font_size=&#8221;14px&#8221; use_circle=&#8221;on&#8221; circle_color=&#8221;rgba(234,108,1,0.11)&#8221; locked=&#8221;off&#8221; global_colors_info=&#8221;{}&#8221; image_icon_background_color__sticky_enabled=&#8221;#7EBEC5&#8243; image_icon_background_color__sticky=&#8221;#7EBEC5&#8243;][\/et_pb_blurb][et_pb_blurb title=&#8221;Energiatehokkaille rakennuksille&#8221; use_icon=&#8221;on&#8221; font_icon=&#8221;&#x70;||divi||400&#8243; icon_color=&#8221;#FFFFFF&#8221; image_icon_background_color=&#8221;#0C71C3&#8243; icon_placement=&#8221;left&#8221; image_icon_width=&#8221;14px&#8221; content_max_width=&#8221;100%&#8221; _builder_version=&#8221;4.27.4&#8243; _module_preset=&#8221;default&#8221; header_font=&#8221;|600|||||||&#8221; header_font_size=&#8221;16px&#8221; header_line_height=&#8221;2em&#8221; body_text_color=&#8221;#E09900&#8243; image_icon_custom_padding=&#8221;8px|8px|8px|8px|false|false&#8221; custom_margin=&#8221;5px||5px||false|false&#8221; child_filter_opacity=&#8221;75%&#8221; animation=&#8221;off&#8221; border_radii_image=&#8221;on|100%|100%|100%|100%&#8221; icon_font_size=&#8221;14px&#8221; use_circle=&#8221;on&#8221; circle_color=&#8221;rgba(234,108,1,0.11)&#8221; locked=&#8221;off&#8221; global_colors_info=&#8221;{}&#8221; image_icon_background_color__sticky_enabled=&#8221;#7EBEC5&#8243; image_icon_background_color__sticky=&#8221;#7EBEC5&#8243;][\/et_pb_blurb][et_pb_blurb title=&#8221;Luonnon kauneus&#8221; use_icon=&#8221;on&#8221; font_icon=&#8221;&#x70;||divi||400&#8243; icon_color=&#8221;#FFFFFF&#8221; image_icon_background_color=&#8221;#0C71C3&#8243; icon_placement=&#8221;left&#8221; image_icon_width=&#8221;14px&#8221; content_max_width=&#8221;100%&#8221; _builder_version=&#8221;4.27.4&#8243; _module_preset=&#8221;default&#8221; header_font=&#8221;|600|||||||&#8221; header_font_size=&#8221;16px&#8221; header_line_height=&#8221;2em&#8221; body_text_color=&#8221;#E09900&#8243; image_icon_custom_padding=&#8221;8px|8px|8px|8px|false|false&#8221; custom_margin=&#8221;5px||5px||false|false&#8221; child_filter_opacity=&#8221;75%&#8221; animation=&#8221;off&#8221; border_radii_image=&#8221;on|100%|100%|100%|100%&#8221; icon_font_size=&#8221;14px&#8221; use_circle=&#8221;on&#8221; circle_color=&#8221;rgba(234,108,1,0.11)&#8221; locked=&#8221;off&#8221; global_colors_info=&#8221;{}&#8221; image_icon_background_color__sticky_enabled=&#8221;#7EBEC5&#8243; image_icon_background_color__sticky=&#8221;#7EBEC5&#8243;][\/et_pb_blurb][et_pb_blurb title=&#8221;Puu: m\u00e4nty, tammi, meranti&#8221; use_icon=&#8221;on&#8221; font_icon=&#8221;&#x70;||divi||400&#8243; icon_color=&#8221;#FFFFFF&#8221; image_icon_background_color=&#8221;#0C71C3&#8243; icon_placement=&#8221;left&#8221; image_icon_width=&#8221;14px&#8221; content_max_width=&#8221;100%&#8221; _builder_version=&#8221;4.27.4&#8243; _module_preset=&#8221;default&#8221; header_font=&#8221;|600|||||||&#8221; header_font_size=&#8221;16px&#8221; header_line_height=&#8221;2em&#8221; body_text_color=&#8221;#E09900&#8243; image_icon_custom_padding=&#8221;8px|8px|8px|8px|false|false&#8221; custom_margin=&#8221;5px||5px||false|false&#8221; child_filter_opacity=&#8221;75%&#8221; animation=&#8221;off&#8221; border_radii_image=&#8221;on|100%|100%|100%|100%&#8221; icon_font_size=&#8221;14px&#8221; use_circle=&#8221;on&#8221; circle_color=&#8221;rgba(234,108,1,0.11)&#8221; locked=&#8221;off&#8221; global_colors_info=&#8221;{}&#8221; image_icon_background_color__sticky_enabled=&#8221;#7EBEC5&#8243; image_icon_background_color__sticky=&#8221;#7EBEC5&#8243;][\/et_pb_blurb][et_pb_button button_url=&#8221;https:\/\/alfaaken.ee\/wp-content\/uploads\/2025\/06\/Kolorystyka-DRE_PL.pdf&#8221; url_new_window=&#8221;on&#8221; button_text=&#8221;Lataa PDF&#8221; _builder_version=&#8221;4.27.4&#8243; _module_preset=&#8221;default&#8221; custom_button=&#8221;on&#8221; button_text_size=&#8221;18px&#8221; button_text_color=&#8221;#ffffff&#8221; button_bg_color=&#8221;#0C71C3&#8243; button_border_width=&#8221;0px&#8221; button_border_color=&#8221;#000000&#8243; button_border_radius=&#8221;1px&#8221; button_font=&#8221;||||||||&#8221; button_icon=&#8221;&#xe092;||divi||400&#8243; button_icon_color=&#8221;#ffffff&#8221; button_icon_placement=&#8221;left&#8221; button_on_hover=&#8221;off&#8221; custom_margin=&#8221;20px|||0px|false|false&#8221; custom_padding=&#8221;10px|30px|10px|40px|false|false&#8221; box_shadow_style=&#8221;preset2&#8243; global_colors_info=&#8221;{}&#8221;][\/et_pb_button][\/et_pb_column][\/et_pb_row][\/et_pb_section][et_pb_section fb_built=&#8221;1&#8243; admin_label=&#8221;Details&#8221; _builder_version=&#8221;4.16&#8243; _module_preset=&#8221;default&#8221; background_color=&#8221;#f1f1f1&#8243; global_colors_info=&#8221;{}&#8221;][et_pb_row column_structure=&#8221;2_3,1_3&#8243; make_equal=&#8221;on&#8221; _builder_version=&#8221;4.27.4&#8243; _module_preset=&#8221;default&#8221; global_colors_info=&#8221;{}&#8221;][et_pb_column type=&#8221;2_3&#8243; _builder_version=&#8221;4.16&#8243; _module_preset=&#8221;default&#8221; custom_padding=&#8221;|60px|||false|false&#8221; custom_padding_tablet=&#8221;|0px|||false|false&#8221; custom_padding_phone=&#8221;&#8221; custom_padding_last_edited=&#8221;on|tablet&#8221; border_color_all=&#8221;rgba(51,51,51,0.24)&#8221; border_width_right=&#8221;1px&#8221; border_width_right_tablet=&#8221;0px&#8221; border_width_right_phone=&#8221;&#8221; border_width_right_last_edited=&#8221;on|tablet&#8221; global_colors_info=&#8221;{}&#8221;][et_pb_image src=&#8221;https:\/\/alfaaken.ee\/wp-content\/uploads\/2025\/06\/PUIT.jpg&#8221; alt=&#8221;PUIT&#8221; title_text=&#8221;PUIT&#8221; _builder_version=&#8221;4.27.4&#8243; _module_preset=&#8221;default&#8221; global_colors_info=&#8221;{}&#8221;][\/et_pb_image][\/et_pb_column][et_pb_column type=&#8221;1_3&#8243; _builder_version=&#8221;4.27.4&#8243; _module_preset=&#8221;default&#8221; custom_css_free_form=&#8221;selector .et_pb_button_module_wrapper {||    display: inline-block;||    margin-right: 10px; \/* Adjust the value as needed *\/||}&#8221; global_colors_info=&#8221;{}&#8221;][et_pb_text _builder_version=&#8221;4.27.4&#8243; _module_preset=&#8221;default&#8221; text_font=&#8221;||||||||&#8221; text_font_size=&#8221;16px&#8221; global_colors_info=&#8221;{}&#8221;]<\/p>\n<h3><strong>Puuikkunoiden rakenteelliset ominaisuudet<\/strong><\/h3>\n<ul style=\"padding-left: 20px; list-style-type: none;\">\n<li style=\"margin-bottom: 16px;\"><span style=\"color: red; font-weight: bold;\">1.<\/span> <strong>Mahdollisuus asentaa kolmilasinen ikkuna<\/strong>, joka takaa erinomaisen l\u00e4mm\u00f6n- ja \u00e4\u00e4nieristyksen.<\/li>\n<li style=\"margin-bottom: 16px;\"><span style=\"color: red; font-weight: bold;\">2.<\/span> <strong>Kolme tiivistett\u00e4<\/strong> muodostavat suljettaessa kaksi ilmakammiota, jotka parantavat eristyst\u00e4. Ne mahdollistavat my\u00f6s hallitun l\u00e4mpim\u00e4n ilmanvaihdon.<\/li>\n<li style=\"margin-bottom: 16px;\"><span style=\"color: red; font-weight: bold;\">3.<\/span> <strong>Termokatkaisulla varustetut tippalistat<\/strong> suojaavat ikkunan karmia ulkoiselta kosteudelta. Ne ohjaavat sadeveden pois karmista ja est\u00e4v\u00e4t rakenteen kosteusvauriot.<\/li>\n<li><span style=\"color: red; font-weight: bold;\">4.<\/span> <strong>Rakenne on valmistettu 3- tai 4-kerroksisesta liimapuusta<\/strong>, mik\u00e4 takaa lujuuden ja vakauden.<\/li>\n<\/ul>\n<p>[\/et_pb_text][\/et_pb_column][\/et_pb_row][\/et_pb_section]<\/p>\n","protected":false},"excerpt":{"rendered":"<p>PUUIKKUNAT 1Puuikkunoiden rakenteelliset ominaisuudet 1. Mahdollisuus asentaa kolmilasinen ikkuna, joka takaa erinomaisen l\u00e4mm\u00f6n- ja \u00e4\u00e4nieristyksen. 2. Kolme tiivistett\u00e4 muodostavat suljettaessa kaksi ilmakammiota, jotka parantavat eristyst\u00e4. Ne mahdollistavat my\u00f6s hallitun l\u00e4mpim\u00e4n ilmanvaihdon. 3. Termokatkaisulla varustetut tippalistat suojaavat ikkunan karmia ulkoiselta kosteudelta. Ne ohjaavat sadeveden pois karmista ja est\u00e4v\u00e4t rakenteen kosteusvauriot. 4. Rakenne on valmistettu 3- tai [&hellip;]<\/p>\n","protected":false},"author":1,"featured_media":0,"parent":0,"menu_order":0,"comment_status":"closed","ping_status":"closed","template":"","meta":{"_et_pb_use_builder":"on","_et_pb_old_content":"","_et_gb_content_width":"","footnotes":""},"class_list":["post-1322","page","type-page","status-publish","hentry"],"yoast_head":"<!-- This site is optimized with the Yoast SEO plugin v27.3 - https:\/\/yoast.com\/product\/yoast-seo-wordpress\/ -->\n<title>PUUIKKUNAT | Alfa Aken: Aknad, Plastikaknad, PVC-Aknad, R&otilde;duklaasid, akende remont<\/title>\n<meta name=\"robots\" content=\"index, follow, max-snippet:-1, max-image-preview:large, max-video-preview:-1\" \/>\n<link rel=\"canonical\" href=\"https:\/\/alfaaken.ee\/fi\/puuikkunat\/\" \/>\n<meta property=\"og:locale\" content=\"fi_FI\" \/>\n<meta property=\"og:type\" content=\"article\" \/>\n<meta property=\"og:title\" content=\"PUUIKKUNAT | Alfa Aken: Aknad, Plastikaknad, PVC-Aknad, R&otilde;duklaasid, akende remont\" \/>\n<meta property=\"og:description\" content=\"PUUIKKUNAT 1Puuikkunoiden rakenteelliset ominaisuudet 1. Mahdollisuus asentaa kolmilasinen ikkuna, joka takaa erinomaisen l\u00e4mm\u00f6n- ja \u00e4\u00e4nieristyksen. 2. Kolme tiivistett\u00e4 muodostavat suljettaessa kaksi ilmakammiota, jotka parantavat eristyst\u00e4. Ne mahdollistavat my\u00f6s hallitun l\u00e4mpim\u00e4n ilmanvaihdon. 3. Termokatkaisulla varustetut tippalistat suojaavat ikkunan karmia ulkoiselta kosteudelta. Ne ohjaavat sadeveden pois karmista ja est\u00e4v\u00e4t rakenteen kosteusvauriot. 4. Rakenne on valmistettu 3- tai [&hellip;]\" \/>\n<meta property=\"og:url\" content=\"https:\/\/alfaaken.ee\/fi\/puuikkunat\/\" \/>\n<meta property=\"og:site_name\" content=\"Alfa Aken: Aknad, Plastikaknad, PVC-Aknad, R&otilde;duklaasid, akende remont\" \/>\n<meta property=\"article:modified_time\" content=\"2025-06-14T17:33:43+00:00\" \/>\n<meta name=\"twitter:card\" content=\"summary_large_image\" \/>\n<meta name=\"twitter:label1\" content=\"Arvioitu lukuaika\" \/>\n\t<meta name=\"twitter:data1\" content=\"1 minuutti\" \/>\n<script type=\"application\/ld+json\" class=\"yoast-schema-graph\">{\"@context\":\"https:\\\/\\\/schema.org\",\"@graph\":[{\"@type\":\"WebPage\",\"@id\":\"https:\\\/\\\/alfaaken.ee\\\/fi\\\/puuikkunat\\\/\",\"url\":\"https:\\\/\\\/alfaaken.ee\\\/fi\\\/puuikkunat\\\/\",\"name\":\"PUUIKKUNAT | Alfa Aken: Aknad, Plastikaknad, PVC-Aknad, R&otilde;duklaasid, akende remont\",\"isPartOf\":{\"@id\":\"https:\\\/\\\/alfaaken.ee\\\/fi\\\/#website\"},\"datePublished\":\"2025-06-12T05:58:49+00:00\",\"dateModified\":\"2025-06-14T17:33:43+00:00\",\"breadcrumb\":{\"@id\":\"https:\\\/\\\/alfaaken.ee\\\/fi\\\/puuikkunat\\\/#breadcrumb\"},\"inLanguage\":\"fi\",\"potentialAction\":[{\"@type\":\"ReadAction\",\"target\":[\"https:\\\/\\\/alfaaken.ee\\\/fi\\\/puuikkunat\\\/\"]}]},{\"@type\":\"BreadcrumbList\",\"@id\":\"https:\\\/\\\/alfaaken.ee\\\/fi\\\/puuikkunat\\\/#breadcrumb\",\"itemListElement\":[{\"@type\":\"ListItem\",\"position\":1,\"name\":\"Home\",\"item\":\"https:\\\/\\\/alfaaken.ee\\\/fi\\\/\"},{\"@type\":\"ListItem\",\"position\":2,\"name\":\"PUUIKKUNAT\"}]},{\"@type\":\"WebSite\",\"@id\":\"https:\\\/\\\/alfaaken.ee\\\/fi\\\/#website\",\"url\":\"https:\\\/\\\/alfaaken.ee\\\/fi\\\/\",\"name\":\"Alfa Aken: Aknad, Plastikaknad, PVC-Aknad, R&otilde;duklaasid, akende remont\",\"description\":\"\",\"publisher\":{\"@id\":\"https:\\\/\\\/alfaaken.ee\\\/fi\\\/#organization\"},\"potentialAction\":[{\"@type\":\"SearchAction\",\"target\":{\"@type\":\"EntryPoint\",\"urlTemplate\":\"https:\\\/\\\/alfaaken.ee\\\/fi\\\/?s={search_term_string}\"},\"query-input\":{\"@type\":\"PropertyValueSpecification\",\"valueRequired\":true,\"valueName\":\"search_term_string\"}}],\"inLanguage\":\"fi\"},{\"@type\":\"Organization\",\"@id\":\"https:\\\/\\\/alfaaken.ee\\\/fi\\\/#organization\",\"name\":\"Alfa Aken: Aknad, Plastikaknad, PVC-Aknad, R&otilde;duklaasid, akende remont\",\"url\":\"https:\\\/\\\/alfaaken.ee\\\/fi\\\/\",\"logo\":{\"@type\":\"ImageObject\",\"inLanguage\":\"fi\",\"@id\":\"https:\\\/\\\/alfaaken.ee\\\/fi\\\/#\\\/schema\\\/logo\\\/image\\\/\",\"url\":\"https:\\\/\\\/alfaaken.ee\\\/wp-content\\\/uploads\\\/2024\\\/07\\\/extendify-demo-logo.png\",\"contentUrl\":\"https:\\\/\\\/alfaaken.ee\\\/wp-content\\\/uploads\\\/2024\\\/07\\\/extendify-demo-logo.png\",\"width\":96,\"height\":97,\"caption\":\"Alfa Aken: Aknad, Plastikaknad, PVC-Aknad, R&otilde;duklaasid, akende remont\"},\"image\":{\"@id\":\"https:\\\/\\\/alfaaken.ee\\\/fi\\\/#\\\/schema\\\/logo\\\/image\\\/\"}}]}<\/script>\n<!-- \/ Yoast SEO plugin. -->","yoast_head_json":{"title":"PUUIKKUNAT | Alfa Aken: Aknad, Plastikaknad, PVC-Aknad, R&otilde;duklaasid, akende remont","robots":{"index":"index","follow":"follow","max-snippet":"max-snippet:-1","max-image-preview":"max-image-preview:large","max-video-preview":"max-video-preview:-1"},"canonical":"https:\/\/alfaaken.ee\/fi\/puuikkunat\/","og_locale":"fi_FI","og_type":"article","og_title":"PUUIKKUNAT | Alfa Aken: Aknad, Plastikaknad, PVC-Aknad, R&otilde;duklaasid, akende remont","og_description":"PUUIKKUNAT 1Puuikkunoiden rakenteelliset ominaisuudet 1. Mahdollisuus asentaa kolmilasinen ikkuna, joka takaa erinomaisen l\u00e4mm\u00f6n- ja \u00e4\u00e4nieristyksen. 2. Kolme tiivistett\u00e4 muodostavat suljettaessa kaksi ilmakammiota, jotka parantavat eristyst\u00e4. Ne mahdollistavat my\u00f6s hallitun l\u00e4mpim\u00e4n ilmanvaihdon. 3. Termokatkaisulla varustetut tippalistat suojaavat ikkunan karmia ulkoiselta kosteudelta. Ne ohjaavat sadeveden pois karmista ja est\u00e4v\u00e4t rakenteen kosteusvauriot. 4. Rakenne on valmistettu 3- tai [&hellip;]","og_url":"https:\/\/alfaaken.ee\/fi\/puuikkunat\/","og_site_name":"Alfa Aken: Aknad, Plastikaknad, PVC-Aknad, R&otilde;duklaasid, akende remont","article_modified_time":"2025-06-14T17:33:43+00:00","twitter_card":"summary_large_image","twitter_misc":{"Arvioitu lukuaika":"1 minuutti"},"schema":{"@context":"https:\/\/schema.org","@graph":[{"@type":"WebPage","@id":"https:\/\/alfaaken.ee\/fi\/puuikkunat\/","url":"https:\/\/alfaaken.ee\/fi\/puuikkunat\/","name":"PUUIKKUNAT | Alfa Aken: Aknad, Plastikaknad, PVC-Aknad, R&otilde;duklaasid, akende remont","isPartOf":{"@id":"https:\/\/alfaaken.ee\/fi\/#website"},"datePublished":"2025-06-12T05:58:49+00:00","dateModified":"2025-06-14T17:33:43+00:00","breadcrumb":{"@id":"https:\/\/alfaaken.ee\/fi\/puuikkunat\/#breadcrumb"},"inLanguage":"fi","potentialAction":[{"@type":"ReadAction","target":["https:\/\/alfaaken.ee\/fi\/puuikkunat\/"]}]},{"@type":"BreadcrumbList","@id":"https:\/\/alfaaken.ee\/fi\/puuikkunat\/#breadcrumb","itemListElement":[{"@type":"ListItem","position":1,"name":"Home","item":"https:\/\/alfaaken.ee\/fi\/"},{"@type":"ListItem","position":2,"name":"PUUIKKUNAT"}]},{"@type":"WebSite","@id":"https:\/\/alfaaken.ee\/fi\/#website","url":"https:\/\/alfaaken.ee\/fi\/","name":"Alfa Aken: Aknad, Plastikaknad, PVC-Aknad, R&otilde;duklaasid, akende remont","description":"","publisher":{"@id":"https:\/\/alfaaken.ee\/fi\/#organization"},"potentialAction":[{"@type":"SearchAction","target":{"@type":"EntryPoint","urlTemplate":"https:\/\/alfaaken.ee\/fi\/?s={search_term_string}"},"query-input":{"@type":"PropertyValueSpecification","valueRequired":true,"valueName":"search_term_string"}}],"inLanguage":"fi"},{"@type":"Organization","@id":"https:\/\/alfaaken.ee\/fi\/#organization","name":"Alfa Aken: Aknad, Plastikaknad, PVC-Aknad, R&otilde;duklaasid, akende remont","url":"https:\/\/alfaaken.ee\/fi\/","logo":{"@type":"ImageObject","inLanguage":"fi","@id":"https:\/\/alfaaken.ee\/fi\/#\/schema\/logo\/image\/","url":"https:\/\/alfaaken.ee\/wp-content\/uploads\/2024\/07\/extendify-demo-logo.png","contentUrl":"https:\/\/alfaaken.ee\/wp-content\/uploads\/2024\/07\/extendify-demo-logo.png","width":96,"height":97,"caption":"Alfa Aken: Aknad, Plastikaknad, PVC-Aknad, R&otilde;duklaasid, akende remont"},"image":{"@id":"https:\/\/alfaaken.ee\/fi\/#\/schema\/logo\/image\/"}}]}},"_links":{"self":[{"href":"https:\/\/alfaaken.ee\/fi\/wp-json\/wp\/v2\/pages\/1322","targetHints":{"allow":["GET"]}}],"collection":[{"href":"https:\/\/alfaaken.ee\/fi\/wp-json\/wp\/v2\/pages"}],"about":[{"href":"https:\/\/alfaaken.ee\/fi\/wp-json\/wp\/v2\/types\/page"}],"author":[{"embeddable":true,"href":"https:\/\/alfaaken.ee\/fi\/wp-json\/wp\/v2\/users\/1"}],"replies":[{"embeddable":true,"href":"https:\/\/alfaaken.ee\/fi\/wp-json\/wp\/v2\/comments?post=1322"}],"version-history":[{"count":7,"href":"https:\/\/alfaaken.ee\/fi\/wp-json\/wp\/v2\/pages\/1322\/revisions"}],"predecessor-version":[{"id":1349,"href":"https:\/\/alfaaken.ee\/fi\/wp-json\/wp\/v2\/pages\/1322\/revisions\/1349"}],"wp:attachment":[{"href":"https:\/\/alfaaken.ee\/fi\/wp-json\/wp\/v2\/media?parent=1322"}],"curies":[{"name":"wp","href":"https:\/\/api.w.org\/{rel}","templated":true}]}}